{"id":3875,"date":"2024-01-14T21:24:44","date_gmt":"2024-01-14T20:24:44","guid":{"rendered":"https:\/\/www.groove-corporation.de\/podcasts\/"},"modified":"2024-02-08T10:23:46","modified_gmt":"2024-02-08T09:23:46","slug":"podcasts","status":"publish","type":"page","link":"https:\/\/www.groove-corporation.de\/es\/podcasts\/","title":{"rendered":"Podcast Studio"},"content":{"rendered":"\t\t<div data-elementor-type=\"wp-page\" data-elementor-id=\"3875\" class=\"elementor elementor-3875 elementor-3858\" data-elementor-post-type=\"page\">\n\t\t\t\t\t\t<section class=\"elementor-section elementor-top-section elementor-element elementor-element-e50edc1 elementor-section-boxed elementor-section-height-default elementor-section-height-default\" data-id=\"e50edc1\" data-element_type=\"section\" data-e-type=\"section\" data-settings=\"{&quot;background_background&quot;:&quot;classic&quot;}\">\n\t\t\t\t\t\t\t<div class=\"elementor-background-overlay\"><\/div>\n\t\t\t\t\t\t\t<div class=\"elementor-container elementor-column-gap-default\">\n\t\t\t\t\t<div class=\"elementor-column elementor-col-100 elementor-top-column elementor-element elementor-element-cc9396e\" data-id=\"cc9396e\" data-element_type=\"column\" data-e-type=\"column\">\n\t\t\t<div class=\"elementor-widget-wrap elementor-element-populated\">\n\t\t\t\t\t\t<div class=\"elementor-element elementor-element-16c78e2 elementor-widget elementor-widget-heading\" data-id=\"16c78e2\" data-element_type=\"widget\" data-e-type=\"widget\" data-widget_type=\"heading.default\">\n\t\t\t\t<div class=\"elementor-widget-container\">\n\t\t\t\t\t<h2 class=\"elementor-heading-title elementor-size-default\">Podcast Studio<\/h2>\t\t\t\t<\/div>\n\t\t\t\t<\/div>\n\t\t\t\t<div class=\"elementor-element elementor-element-dd0de0c elementor-widget elementor-widget-text-editor\" data-id=\"dd0de0c\" data-element_type=\"widget\" data-e-type=\"widget\" data-widget_type=\"text-editor.default\">\n\t\t\t\t<div class=\"elementor-widget-container\">\n\t\t\t\t\t\t\t\t\t<p>Adem\u00e1s de nuestro estudio de m\u00fasica, disponemos de un estudio de podcast y v\u00eddeo independiente, totalmente equipado, justo al lado del estudio principal.<\/p>\n<p>Aqu\u00ed podemos producir actualizaciones diarias sobre el progreso de una producci\u00f3n y publicarlas en los distintos canales sociales.<\/p>\n<p>Por supuesto, disponemos de la m\u00e1s moderna tecnolog\u00eda de v\u00eddeo, iluminaci\u00f3n y sonido.<\/p>\n<p>Conexi\u00f3n r\u00e1pida a Internet, 25 MBIT de subida, 200 MBIT de bajada, tambi\u00e9n apta para streaming en directo.<\/p>\n\t\t\t\t\t\t\t\t<\/div>\n\t\t\t\t<\/div>\n\t\t\t\t<div class=\"elementor-element elementor-element-c5bf80c elementor-widget elementor-widget-gallery\" data-id=\"c5bf80c\" data-element_type=\"widget\" data-e-type=\"widget\" data-settings=\"{&quot;columns&quot;:3,&quot;lazyload&quot;:&quot;yes&quot;,&quot;gallery_layout&quot;:&quot;grid&quot;,&quot;columns_tablet&quot;:2,&quot;columns_mobile&quot;:1,&quot;gap&quot;:{&quot;unit&quot;:&quot;px&quot;,&quot;size&quot;:10,&quot;sizes&quot;:[]},&quot;gap_tablet&quot;:{&quot;unit&quot;:&quot;px&quot;,&quot;size&quot;:10,&quot;sizes&quot;:[]},&quot;gap_mobile&quot;:{&quot;unit&quot;:&quot;px&quot;,&quot;size&quot;:10,&quot;sizes&quot;:[]},&quot;link_to&quot;:&quot;file&quot;,&quot;aspect_ratio&quot;:&quot;3:2&quot;,&quot;overlay_background&quot;:&quot;yes&quot;,&quot;content_hover_animation&quot;:&quot;fade-in&quot;}\" data-widget_type=\"gallery.default\">\n\t\t\t\t<div class=\"elementor-widget-container\">\n\t\t\t\t\t\t\t<div class=\"elementor-gallery__container\">\n\t\t\t\t\t\t\t<a class=\"e-gallery-item elementor-gallery-item elementor-animated-content\" href=\"https:\/\/www.groove-corporation.de\/wp-content\/uploads\/2024\/01\/podcast-4.jpg\" data-elementor-open-lightbox=\"yes\" data-elementor-lightbox-slideshow=\"c5bf80c\" data-elementor-lightbox-title=\"podcast-4\" data-e-action-hash=\"#elementor-action%3Aaction%3Dlightbox%26settings%3DeyJpZCI6MzkyMywidXJsIjoiaHR0cHM6XC9cL3d3dy5ncm9vdmUtY29ycG9yYXRpb24uZGVcL3dwLWNvbnRlbnRcL3VwbG9hZHNcLzIwMjRcLzAxXC9wb2RjYXN0LTQuanBnIiwic2xpZGVzaG93IjoiYzViZjgwYyJ9\">\n\t\t\t\t\t<div class=\"e-gallery-image elementor-gallery-item__image\" data-thumbnail=\"https:\/\/www.groove-corporation.de\/wp-content\/uploads\/2024\/01\/podcast-4-768x576.jpg\" data-width=\"768\" data-height=\"576\" aria-label=\"\" role=\"img\" ><\/div>\n\t\t\t\t\t\t\t\t\t\t\t<div class=\"elementor-gallery-item__overlay\"><\/div>\n\t\t\t\t\t\t\t\t\t\t\t\t\t\t<\/a>\n\t\t\t\t\t\t\t<a class=\"e-gallery-item elementor-gallery-item elementor-animated-content\" href=\"https:\/\/www.groove-corporation.de\/wp-content\/uploads\/2024\/01\/podcast-2.jpg\" data-elementor-open-lightbox=\"yes\" data-elementor-lightbox-slideshow=\"c5bf80c\" data-elementor-lightbox-title=\"podcast-2\" data-e-action-hash=\"#elementor-action%3Aaction%3Dlightbox%26settings%3DeyJpZCI6MzkxNywidXJsIjoiaHR0cHM6XC9cL3d3dy5ncm9vdmUtY29ycG9yYXRpb24uZGVcL3dwLWNvbnRlbnRcL3VwbG9hZHNcLzIwMjRcLzAxXC9wb2RjYXN0LTIuanBnIiwic2xpZGVzaG93IjoiYzViZjgwYyJ9\">\n\t\t\t\t\t<div class=\"e-gallery-image elementor-gallery-item__image\" data-thumbnail=\"https:\/\/www.groove-corporation.de\/wp-content\/uploads\/2024\/01\/podcast-2-768x576.jpg\" data-width=\"768\" data-height=\"576\" aria-label=\"\" role=\"img\" ><\/div>\n\t\t\t\t\t\t\t\t\t\t\t<div class=\"elementor-gallery-item__overlay\"><\/div>\n\t\t\t\t\t\t\t\t\t\t\t\t\t\t<\/a>\n\t\t\t\t\t\t\t<a class=\"e-gallery-item elementor-gallery-item elementor-animated-content\" href=\"https:\/\/www.groove-corporation.de\/wp-content\/uploads\/2024\/01\/podcast-6.jpg\" data-elementor-open-lightbox=\"yes\" data-elementor-lightbox-slideshow=\"c5bf80c\" data-elementor-lightbox-title=\"podcast-6\" data-e-action-hash=\"#elementor-action%3Aaction%3Dlightbox%26settings%3DeyJpZCI6Mzk0NCwidXJsIjoiaHR0cHM6XC9cL3d3dy5ncm9vdmUtY29ycG9yYXRpb24uZGVcL3dwLWNvbnRlbnRcL3VwbG9hZHNcLzIwMjRcLzAxXC9wb2RjYXN0LTYuanBnIiwic2xpZGVzaG93IjoiYzViZjgwYyJ9\">\n\t\t\t\t\t<div class=\"e-gallery-image elementor-gallery-item__image\" data-thumbnail=\"https:\/\/www.groove-corporation.de\/wp-content\/uploads\/2024\/01\/podcast-6-768x576.jpg\" data-width=\"768\" data-height=\"576\" aria-label=\"\" role=\"img\" ><\/div>\n\t\t\t\t\t\t\t\t\t\t\t<div class=\"elementor-gallery-item__overlay\"><\/div>\n\t\t\t\t\t\t\t\t\t\t\t\t\t\t<\/a>\n\t\t\t\t\t\t\t<a class=\"e-gallery-item elementor-gallery-item elementor-animated-content\" href=\"https:\/\/www.groove-corporation.de\/wp-content\/uploads\/2024\/01\/podcast-5.jpg\" data-elementor-open-lightbox=\"yes\" data-elementor-lightbox-slideshow=\"c5bf80c\" data-elementor-lightbox-title=\"podcast-5\" data-e-action-hash=\"#elementor-action%3Aaction%3Dlightbox%26settings%3DeyJpZCI6MzkyNiwidXJsIjoiaHR0cHM6XC9cL3d3dy5ncm9vdmUtY29ycG9yYXRpb24uZGVcL3dwLWNvbnRlbnRcL3VwbG9hZHNcLzIwMjRcLzAxXC9wb2RjYXN0LTUuanBnIiwic2xpZGVzaG93IjoiYzViZjgwYyJ9\">\n\t\t\t\t\t<div class=\"e-gallery-image elementor-gallery-item__image\" data-thumbnail=\"https:\/\/www.groove-corporation.de\/wp-content\/uploads\/2024\/01\/podcast-5-768x576.jpg\" data-width=\"768\" data-height=\"576\" aria-label=\"\" role=\"img\" ><\/div>\n\t\t\t\t\t\t\t\t\t\t\t<div class=\"elementor-gallery-item__overlay\"><\/div>\n\t\t\t\t\t\t\t\t\t\t\t\t\t\t<\/a>\n\t\t\t\t\t\t\t<a class=\"e-gallery-item elementor-gallery-item elementor-animated-content\" href=\"https:\/\/www.groove-corporation.de\/wp-content\/uploads\/2024\/01\/posdcast-3.jpg\" data-elementor-open-lightbox=\"yes\" data-elementor-lightbox-slideshow=\"c5bf80c\" data-elementor-lightbox-title=\"posdcast-3\" data-e-action-hash=\"#elementor-action%3Aaction%3Dlightbox%26settings%3DeyJpZCI6MzkyMCwidXJsIjoiaHR0cHM6XC9cL3d3dy5ncm9vdmUtY29ycG9yYXRpb24uZGVcL3dwLWNvbnRlbnRcL3VwbG9hZHNcLzIwMjRcLzAxXC9wb3NkY2FzdC0zLmpwZyIsInNsaWRlc2hvdyI6ImM1YmY4MGMifQ%3D%3D\">\n\t\t\t\t\t<div class=\"e-gallery-image elementor-gallery-item__image\" data-thumbnail=\"https:\/\/www.groove-corporation.de\/wp-content\/uploads\/2024\/01\/posdcast-3-768x576.jpg\" data-width=\"768\" data-height=\"576\" aria-label=\"\" role=\"img\" ><\/div>\n\t\t\t\t\t\t\t\t\t\t\t<div class=\"elementor-gallery-item__overlay\"><\/div>\n\t\t\t\t\t\t\t\t\t\t\t\t\t\t<\/a>\n\t\t\t\t\t\t\t<a class=\"e-gallery-item elementor-gallery-item elementor-animated-content\" href=\"https:\/\/www.groove-corporation.de\/wp-content\/uploads\/2024\/01\/podcast-1.jpg\" data-elementor-open-lightbox=\"yes\" data-elementor-lightbox-slideshow=\"c5bf80c\" data-elementor-lightbox-title=\"podcast-1\" data-e-action-hash=\"#elementor-action%3Aaction%3Dlightbox%26settings%3DeyJpZCI6MzkyOSwidXJsIjoiaHR0cHM6XC9cL3d3dy5ncm9vdmUtY29ycG9yYXRpb24uZGVcL3dwLWNvbnRlbnRcL3VwbG9hZHNcLzIwMjRcLzAxXC9wb2RjYXN0LTEuanBnIiwic2xpZGVzaG93IjoiYzViZjgwYyJ9\">\n\t\t\t\t\t<div class=\"e-gallery-image elementor-gallery-item__image\" data-thumbnail=\"https:\/\/www.groove-corporation.de\/wp-content\/uploads\/2024\/01\/podcast-1-768x576.jpg\" data-width=\"768\" data-height=\"576\" aria-label=\"\" role=\"img\" ><\/div>\n\t\t\t\t\t\t\t\t\t\t\t<div class=\"elementor-gallery-item__overlay\"><\/div>\n\t\t\t\t\t\t\t\t\t\t\t\t\t\t<\/a>\n\t\t\t\t\t<\/div>\n\t\t\t\t\t<\/div>\n\t\t\t\t<\/div>\n\t\t\t\t\t<\/div>\n\t\t<\/div>\n\t\t\t\t\t<\/div>\n\t\t<\/section>\n\t\t\t\t<\/div>\n\t\t","protected":false},"excerpt":{"rendered":"<p>Podcast Studio Adem\u00e1s de nuestro estudio de m\u00fasica, disponemos de un estudio de podcast y v\u00eddeo independiente, totalmente equipado, justo al lado del estudio principal. Aqu\u00ed podemos producir actualizaciones diarias sobre el progreso de una producci\u00f3n y publicarlas en los distintos canales sociales. Por supuesto, disponemos de la m\u00e1s moderna tecnolog\u00eda de v\u00eddeo, iluminaci\u00f3n y [&hellip;]<\/p>\n","protected":false},"author":1,"featured_media":0,"parent":0,"menu_order":4,"comment_status":"closed","ping_status":"closed","template":"","meta":{"footnotes":""},"class_list":["post-3875","page","type-page","status-publish","hentry"],"yoast_head":"<!-- This site is optimized with the Yoast SEO plugin v27.2 - https:\/\/yoast.com\/product\/yoast-seo-wordpress\/ -->\n<title>Podcast Studio &#8902; Groove Corporation<\/title>\n<meta name=\"robots\" content=\"index, follow, max-snippet:-1, max-image-preview:large, max-video-preview:-1\" \/>\n<link rel=\"canonical\" href=\"https:\/\/www.groove-corporation.de\/es\/podcasts\/\" \/>\n<meta property=\"og:locale\" content=\"es_ES\" \/>\n<meta property=\"og:type\" content=\"article\" \/>\n<meta property=\"og:title\" content=\"Podcast Studio &#8902; Groove Corporation\" \/>\n<meta property=\"og:description\" content=\"Podcast Studio Adem\u00e1s de nuestro estudio de m\u00fasica, disponemos de un estudio de podcast y v\u00eddeo independiente, totalmente equipado, justo al lado del estudio principal. Aqu\u00ed podemos producir actualizaciones diarias sobre el progreso de una producci\u00f3n y publicarlas en los distintos canales sociales. Por supuesto, disponemos de la m\u00e1s moderna tecnolog\u00eda de v\u00eddeo, iluminaci\u00f3n y [&hellip;]\" \/>\n<meta property=\"og:url\" content=\"https:\/\/www.groove-corporation.de\/es\/podcasts\/\" \/>\n<meta property=\"og:site_name\" content=\"Groove Corporation\" \/>\n<meta property=\"article:modified_time\" content=\"2024-02-08T09:23:46+00:00\" \/>\n<meta name=\"twitter:card\" content=\"summary_large_image\" \/>\n<script type=\"application\/ld+json\" class=\"yoast-schema-graph\">{\"@context\":\"https:\/\/schema.org\",\"@graph\":[{\"@type\":\"WebPage\",\"@id\":\"https:\/\/www.groove-corporation.de\/es\/podcasts\/\",\"url\":\"https:\/\/www.groove-corporation.de\/es\/podcasts\/\",\"name\":\"Podcast Studio &#8902; Groove Corporation\",\"isPartOf\":{\"@id\":\"https:\/\/www.groove-corporation.de\/es\/#website\"},\"datePublished\":\"2024-01-14T20:24:44+00:00\",\"dateModified\":\"2024-02-08T09:23:46+00:00\",\"breadcrumb\":{\"@id\":\"https:\/\/www.groove-corporation.de\/es\/podcasts\/#breadcrumb\"},\"inLanguage\":\"es\",\"potentialAction\":[{\"@type\":\"ReadAction\",\"target\":[\"https:\/\/www.groove-corporation.de\/es\/podcasts\/\"]}]},{\"@type\":\"BreadcrumbList\",\"@id\":\"https:\/\/www.groove-corporation.de\/es\/podcasts\/#breadcrumb\",\"itemListElement\":[{\"@type\":\"ListItem\",\"position\":1,\"name\":\"Startseite\",\"item\":\"https:\/\/www.groove-corporation.de\/es\/\"},{\"@type\":\"ListItem\",\"position\":2,\"name\":\"Podcast Studio\"}]},{\"@type\":\"WebSite\",\"@id\":\"https:\/\/www.groove-corporation.de\/es\/#website\",\"url\":\"https:\/\/www.groove-corporation.de\/es\/\",\"name\":\"Groove Corporation\",\"description\":\"\",\"publisher\":{\"@id\":\"https:\/\/www.groove-corporation.de\/es\/#organization\"},\"potentialAction\":[{\"@type\":\"SearchAction\",\"target\":{\"@type\":\"EntryPoint\",\"urlTemplate\":\"https:\/\/www.groove-corporation.de\/es\/?s={search_term_string}\"},\"query-input\":{\"@type\":\"PropertyValueSpecification\",\"valueRequired\":true,\"valueName\":\"search_term_string\"}}],\"inLanguage\":\"es\"},{\"@type\":\"Organization\",\"@id\":\"https:\/\/www.groove-corporation.de\/es\/#organization\",\"name\":\"Groove Corportion\",\"url\":\"https:\/\/www.groove-corporation.de\/es\/\",\"logo\":{\"@type\":\"ImageObject\",\"inLanguage\":\"es\",\"@id\":\"https:\/\/www.groove-corporation.de\/es\/#\/schema\/logo\/image\/\",\"url\":\"https:\/\/www.groove-corporation.de\/wp-content\/uploads\/2020\/12\/Groove-Corporation-Logo.png\",\"contentUrl\":\"https:\/\/www.groove-corporation.de\/wp-content\/uploads\/2020\/12\/Groove-Corporation-Logo.png\",\"width\":1432,\"height\":600,\"caption\":\"Groove Corportion\"},\"image\":{\"@id\":\"https:\/\/www.groove-corporation.de\/es\/#\/schema\/logo\/image\/\"}}]}<\/script>\n<!-- \/ Yoast SEO plugin. -->","yoast_head_json":{"title":"Podcast Studio &#8902; Groove Corporation","robots":{"index":"index","follow":"follow","max-snippet":"max-snippet:-1","max-image-preview":"max-image-preview:large","max-video-preview":"max-video-preview:-1"},"canonical":"https:\/\/www.groove-corporation.de\/es\/podcasts\/","og_locale":"es_ES","og_type":"article","og_title":"Podcast Studio &#8902; Groove Corporation","og_description":"Podcast Studio Adem\u00e1s de nuestro estudio de m\u00fasica, disponemos de un estudio de podcast y v\u00eddeo independiente, totalmente equipado, justo al lado del estudio principal. Aqu\u00ed podemos producir actualizaciones diarias sobre el progreso de una producci\u00f3n y publicarlas en los distintos canales sociales. Por supuesto, disponemos de la m\u00e1s moderna tecnolog\u00eda de v\u00eddeo, iluminaci\u00f3n y [&hellip;]","og_url":"https:\/\/www.groove-corporation.de\/es\/podcasts\/","og_site_name":"Groove Corporation","article_modified_time":"2024-02-08T09:23:46+00:00","twitter_card":"summary_large_image","schema":{"@context":"https:\/\/schema.org","@graph":[{"@type":"WebPage","@id":"https:\/\/www.groove-corporation.de\/es\/podcasts\/","url":"https:\/\/www.groove-corporation.de\/es\/podcasts\/","name":"Podcast Studio &#8902; Groove Corporation","isPartOf":{"@id":"https:\/\/www.groove-corporation.de\/es\/#website"},"datePublished":"2024-01-14T20:24:44+00:00","dateModified":"2024-02-08T09:23:46+00:00","breadcrumb":{"@id":"https:\/\/www.groove-corporation.de\/es\/podcasts\/#breadcrumb"},"inLanguage":"es","potentialAction":[{"@type":"ReadAction","target":["https:\/\/www.groove-corporation.de\/es\/podcasts\/"]}]},{"@type":"BreadcrumbList","@id":"https:\/\/www.groove-corporation.de\/es\/podcasts\/#breadcrumb","itemListElement":[{"@type":"ListItem","position":1,"name":"Startseite","item":"https:\/\/www.groove-corporation.de\/es\/"},{"@type":"ListItem","position":2,"name":"Podcast Studio"}]},{"@type":"WebSite","@id":"https:\/\/www.groove-corporation.de\/es\/#website","url":"https:\/\/www.groove-corporation.de\/es\/","name":"Groove Corporation","description":"","publisher":{"@id":"https:\/\/www.groove-corporation.de\/es\/#organization"},"potentialAction":[{"@type":"SearchAction","target":{"@type":"EntryPoint","urlTemplate":"https:\/\/www.groove-corporation.de\/es\/?s={search_term_string}"},"query-input":{"@type":"PropertyValueSpecification","valueRequired":true,"valueName":"search_term_string"}}],"inLanguage":"es"},{"@type":"Organization","@id":"https:\/\/www.groove-corporation.de\/es\/#organization","name":"Groove Corportion","url":"https:\/\/www.groove-corporation.de\/es\/","logo":{"@type":"ImageObject","inLanguage":"es","@id":"https:\/\/www.groove-corporation.de\/es\/#\/schema\/logo\/image\/","url":"https:\/\/www.groove-corporation.de\/wp-content\/uploads\/2020\/12\/Groove-Corporation-Logo.png","contentUrl":"https:\/\/www.groove-corporation.de\/wp-content\/uploads\/2020\/12\/Groove-Corporation-Logo.png","width":1432,"height":600,"caption":"Groove Corportion"},"image":{"@id":"https:\/\/www.groove-corporation.de\/es\/#\/schema\/logo\/image\/"}}]}},"_links":{"self":[{"href":"https:\/\/www.groove-corporation.de\/es\/wp-json\/wp\/v2\/pages\/3875","targetHints":{"allow":["GET"]}}],"collection":[{"href":"https:\/\/www.groove-corporation.de\/es\/wp-json\/wp\/v2\/pages"}],"about":[{"href":"https:\/\/www.groove-corporation.de\/es\/wp-json\/wp\/v2\/types\/page"}],"author":[{"embeddable":true,"href":"https:\/\/www.groove-corporation.de\/es\/wp-json\/wp\/v2\/users\/1"}],"replies":[{"embeddable":true,"href":"https:\/\/www.groove-corporation.de\/es\/wp-json\/wp\/v2\/comments?post=3875"}],"version-history":[{"count":8,"href":"https:\/\/www.groove-corporation.de\/es\/wp-json\/wp\/v2\/pages\/3875\/revisions"}],"predecessor-version":[{"id":4199,"href":"https:\/\/www.groove-corporation.de\/es\/wp-json\/wp\/v2\/pages\/3875\/revisions\/4199"}],"wp:attachment":[{"href":"https:\/\/www.groove-corporation.de\/es\/wp-json\/wp\/v2\/media?parent=3875"}],"curies":[{"name":"wp","href":"https:\/\/api.w.org\/{rel}","templated":true}]}}