{"id":7,"date":"2020-11-27T19:42:55","date_gmt":"2020-11-27T18:42:55","guid":{"rendered":"https:\/\/www.groove-corporation.de\/www\/?page_id=7"},"modified":"2025-12-29T17:38:19","modified_gmt":"2025-12-29T16:38:19","slug":"home","status":"publish","type":"page","link":"https:\/\/www.groove-corporation.de\/de\/","title":{"rendered":"Willkommen bei Groove Corporation Studios"},"content":{"rendered":"\t\t<div data-elementor-type=\"wp-post\" data-elementor-id=\"7\" class=\"elementor elementor-7\" data-elementor-post-type=\"page\">\n\t\t\t\t\t\t<section class=\"elementor-section elementor-top-section elementor-element elementor-element-0e6cba4 elementor-section-full_width elementor-section-height-full elementor-section-height-default elementor-section-items-middle\" data-id=\"0e6cba4\" data-element_type=\"section\" data-e-type=\"section\" data-settings=\"{&quot;animation_mobile&quot;:&quot;fadeInDown&quot;,&quot;background_background&quot;:&quot;classic&quot;}\">\n\t\t\t\t\t\t\t<div class=\"elementor-background-overlay\"><\/div>\n\t\t\t\t\t\t\t<div class=\"elementor-container elementor-column-gap-no\">\n\t\t\t\t\t<div class=\"elementor-column elementor-col-100 elementor-top-column elementor-element elementor-element-203bab1\" data-id=\"203bab1\" data-element_type=\"column\" data-e-type=\"column\">\n\t\t\t<div class=\"elementor-widget-wrap\">\n\t\t\t\t\t\t\t<\/div>\n\t\t<\/div>\n\t\t\t\t\t<\/div>\n\t\t<\/section>\n\t\t\t\t<section class=\"elementor-section elementor-top-section elementor-element elementor-element-d1fa04b elementor-section-full_width elementor-section-height-default elementor-section-height-default\" data-id=\"d1fa04b\" data-element_type=\"section\" data-e-type=\"section\">\n\t\t\t\t\t\t<div class=\"elementor-container elementor-column-gap-no\">\n\t\t\t\t\t<div class=\"elementor-column elementor-col-100 elementor-top-column elementor-element elementor-element-30ff883\" data-id=\"30ff883\" data-element_type=\"column\" data-e-type=\"column\">\n\t\t\t<div class=\"elementor-widget-wrap elementor-element-populated\">\n\t\t\t\t\t\t<div class=\"elementor-element elementor-element-a651c68 elementor-widget elementor-widget-gallery\" data-id=\"a651c68\" data-element_type=\"widget\" data-e-type=\"widget\" data-settings=\"{&quot;gallery_layout&quot;:&quot;justified&quot;,&quot;content_hover_animation&quot;:&quot;enter-from-top&quot;,&quot;lazyload&quot;:&quot;yes&quot;,&quot;ideal_row_height&quot;:{&quot;unit&quot;:&quot;px&quot;,&quot;size&quot;:200,&quot;sizes&quot;:[]},&quot;ideal_row_height_tablet&quot;:{&quot;unit&quot;:&quot;px&quot;,&quot;size&quot;:150,&quot;sizes&quot;:[]},&quot;ideal_row_height_mobile&quot;:{&quot;unit&quot;:&quot;px&quot;,&quot;size&quot;:150,&quot;sizes&quot;:[]},&quot;gap&quot;:{&quot;unit&quot;:&quot;px&quot;,&quot;size&quot;:10,&quot;sizes&quot;:[]},&quot;gap_tablet&quot;:{&quot;unit&quot;:&quot;px&quot;,&quot;size&quot;:10,&quot;sizes&quot;:[]},&quot;gap_mobile&quot;:{&quot;unit&quot;:&quot;px&quot;,&quot;size&quot;:10,&quot;sizes&quot;:[]},&quot;link_to&quot;:&quot;file&quot;,&quot;overlay_background&quot;:&quot;yes&quot;}\" data-widget_type=\"gallery.default\">\n\t\t\t\t<div class=\"elementor-widget-container\">\n\t\t\t\t\t\t\t<div class=\"elementor-gallery__container\">\n\t\t\t\t\t\t\t<a class=\"e-gallery-item elementor-gallery-item elementor-animated-content\" href=\"https:\/\/www.groove-corporation.de\/wp-content\/uploads\/2024\/01\/groove-corporation-studios-aufnahmeraum-komplett.jpg\" data-elementor-open-lightbox=\"yes\" data-elementor-lightbox-slideshow=\"a651c68\" data-elementor-lightbox-title=\"groove-corporation-studios-aufnahmeraum-komplett\" data-e-action-hash=\"#elementor-action%3Aaction%3Dlightbox%26settings%3DeyJpZCI6MzY0MCwidXJsIjoiaHR0cHM6XC9cL3d3dy5ncm9vdmUtY29ycG9yYXRpb24uZGVcL3dwLWNvbnRlbnRcL3VwbG9hZHNcLzIwMjRcLzAxXC9ncm9vdmUtY29ycG9yYXRpb24tc3R1ZGlvcy1hdWZuYWhtZXJhdW0ta29tcGxldHQuanBnIiwic2xpZGVzaG93IjoiYTY1MWM2OCJ9\">\n\t\t\t\t\t<div class=\"e-gallery-image elementor-gallery-item__image\" data-thumbnail=\"https:\/\/www.groove-corporation.de\/wp-content\/uploads\/2024\/01\/groove-corporation-studios-aufnahmeraum-komplett.jpg\" data-width=\"800\" data-height=\"600\" aria-label=\"\" role=\"img\" ><\/div>\n\t\t\t\t\t\t\t\t\t\t\t<div class=\"elementor-gallery-item__overlay\"><\/div>\n\t\t\t\t\t\t\t\t\t\t\t\t\t\t<\/a>\n\t\t\t\t\t\t\t<a class=\"e-gallery-item elementor-gallery-item elementor-animated-content\" href=\"https:\/\/www.groove-corporation.de\/wp-content\/uploads\/2024\/01\/groove-corporation-technik.jpg\" data-elementor-open-lightbox=\"yes\" data-elementor-lightbox-slideshow=\"a651c68\" data-elementor-lightbox-title=\"groove-corporation-technik\" data-e-action-hash=\"#elementor-action%3Aaction%3Dlightbox%26settings%3DeyJpZCI6MzY1OCwidXJsIjoiaHR0cHM6XC9cL3d3dy5ncm9vdmUtY29ycG9yYXRpb24uZGVcL3dwLWNvbnRlbnRcL3VwbG9hZHNcLzIwMjRcLzAxXC9ncm9vdmUtY29ycG9yYXRpb24tdGVjaG5pay5qcGciLCJzbGlkZXNob3ciOiJhNjUxYzY4In0%3D\">\n\t\t\t\t\t<div class=\"e-gallery-image elementor-gallery-item__image\" data-thumbnail=\"https:\/\/www.groove-corporation.de\/wp-content\/uploads\/2024\/01\/groove-corporation-technik.jpg\" data-width=\"800\" data-height=\"600\" aria-label=\"\" role=\"img\" ><\/div>\n\t\t\t\t\t\t\t\t\t\t\t<div class=\"elementor-gallery-item__overlay\"><\/div>\n\t\t\t\t\t\t\t\t\t\t\t\t\t\t<\/a>\n\t\t\t\t\t\t\t<a class=\"e-gallery-item elementor-gallery-item elementor-animated-content\" href=\"https:\/\/www.groove-corporation.de\/wp-content\/uploads\/2024\/01\/groove-corporation-studios-technikraum.jpg\" data-elementor-open-lightbox=\"yes\" data-elementor-lightbox-slideshow=\"a651c68\" data-elementor-lightbox-title=\"groove-corporation-studios-technikraum\" data-e-action-hash=\"#elementor-action%3Aaction%3Dlightbox%26settings%3DeyJpZCI6MzY1NSwidXJsIjoiaHR0cHM6XC9cL3d3dy5ncm9vdmUtY29ycG9yYXRpb24uZGVcL3dwLWNvbnRlbnRcL3VwbG9hZHNcLzIwMjRcLzAxXC9ncm9vdmUtY29ycG9yYXRpb24tc3R1ZGlvcy10ZWNobmlrcmF1bS5qcGciLCJzbGlkZXNob3ciOiJhNjUxYzY4In0%3D\">\n\t\t\t\t\t<div class=\"e-gallery-image elementor-gallery-item__image\" data-thumbnail=\"https:\/\/www.groove-corporation.de\/wp-content\/uploads\/2024\/01\/groove-corporation-studios-technikraum.jpg\" data-width=\"800\" data-height=\"600\" aria-label=\"\" role=\"img\" ><\/div>\n\t\t\t\t\t\t\t\t\t\t\t<div class=\"elementor-gallery-item__overlay\"><\/div>\n\t\t\t\t\t\t\t\t\t\t\t\t\t\t<\/a>\n\t\t\t\t\t\t\t<a class=\"e-gallery-item elementor-gallery-item elementor-animated-content\" href=\"https:\/\/www.groove-corporation.de\/wp-content\/uploads\/2024\/01\/groove-corporation-studios-aufnahmeraum-mikrophone.jpg\" data-elementor-open-lightbox=\"yes\" data-elementor-lightbox-slideshow=\"a651c68\" data-elementor-lightbox-title=\"groove-corporation-studios-aufnahmeraum-mikrophone\" data-e-action-hash=\"#elementor-action%3Aaction%3Dlightbox%26settings%3DeyJpZCI6MzY0MywidXJsIjoiaHR0cHM6XC9cL3d3dy5ncm9vdmUtY29ycG9yYXRpb24uZGVcL3dwLWNvbnRlbnRcL3VwbG9hZHNcLzIwMjRcLzAxXC9ncm9vdmUtY29ycG9yYXRpb24tc3R1ZGlvcy1hdWZuYWhtZXJhdW0tbWlrcm9waG9uZS5qcGciLCJzbGlkZXNob3ciOiJhNjUxYzY4In0%3D\">\n\t\t\t\t\t<div class=\"e-gallery-image elementor-gallery-item__image\" data-thumbnail=\"https:\/\/www.groove-corporation.de\/wp-content\/uploads\/2024\/01\/groove-corporation-studios-aufnahmeraum-mikrophone.jpg\" data-width=\"800\" data-height=\"600\" aria-label=\"\" role=\"img\" ><\/div>\n\t\t\t\t\t\t\t\t\t\t\t<div class=\"elementor-gallery-item__overlay\"><\/div>\n\t\t\t\t\t\t\t\t\t\t\t\t\t\t<\/a>\n\t\t\t\t\t\t\t<a class=\"e-gallery-item elementor-gallery-item elementor-animated-content\" href=\"https:\/\/www.groove-corporation.de\/wp-content\/uploads\/2024\/01\/groove-corporation-studios-aufnahmeraum.jpg\" data-elementor-open-lightbox=\"yes\" data-elementor-lightbox-slideshow=\"a651c68\" data-elementor-lightbox-title=\"groove-corporation-studios-aufnahmeraum\" data-e-action-hash=\"#elementor-action%3Aaction%3Dlightbox%26settings%3DeyJpZCI6MzYzNCwidXJsIjoiaHR0cHM6XC9cL3d3dy5ncm9vdmUtY29ycG9yYXRpb24uZGVcL3dwLWNvbnRlbnRcL3VwbG9hZHNcLzIwMjRcLzAxXC9ncm9vdmUtY29ycG9yYXRpb24tc3R1ZGlvcy1hdWZuYWhtZXJhdW0uanBnIiwic2xpZGVzaG93IjoiYTY1MWM2OCJ9\">\n\t\t\t\t\t<div class=\"e-gallery-image elementor-gallery-item__image\" data-thumbnail=\"https:\/\/www.groove-corporation.de\/wp-content\/uploads\/2024\/01\/groove-corporation-studios-aufnahmeraum.jpg\" data-width=\"800\" data-height=\"600\" aria-label=\"\" role=\"img\" ><\/div>\n\t\t\t\t\t\t\t\t\t\t\t<div class=\"elementor-gallery-item__overlay\"><\/div>\n\t\t\t\t\t\t\t\t\t\t\t\t\t\t<\/a>\n\t\t\t\t\t\t\t<a class=\"e-gallery-item elementor-gallery-item elementor-animated-content\" href=\"https:\/\/www.groove-corporation.de\/wp-content\/uploads\/2024\/01\/groove-corporation-studios-aufnahmeraum-instrumente.jpg\" data-elementor-open-lightbox=\"yes\" data-elementor-lightbox-slideshow=\"a651c68\" data-elementor-lightbox-title=\"groove-corporation-studios-aufnahmeraum-instrumente\" data-e-action-hash=\"#elementor-action%3Aaction%3Dlightbox%26settings%3DeyJpZCI6MzYzNywidXJsIjoiaHR0cHM6XC9cL3d3dy5ncm9vdmUtY29ycG9yYXRpb24uZGVcL3dwLWNvbnRlbnRcL3VwbG9hZHNcLzIwMjRcLzAxXC9ncm9vdmUtY29ycG9yYXRpb24tc3R1ZGlvcy1hdWZuYWhtZXJhdW0taW5zdHJ1bWVudGUuanBnIiwic2xpZGVzaG93IjoiYTY1MWM2OCJ9\">\n\t\t\t\t\t<div class=\"e-gallery-image elementor-gallery-item__image\" data-thumbnail=\"https:\/\/www.groove-corporation.de\/wp-content\/uploads\/2024\/01\/groove-corporation-studios-aufnahmeraum-instrumente.jpg\" data-width=\"800\" data-height=\"600\" aria-label=\"\" role=\"img\" ><\/div>\n\t\t\t\t\t\t\t\t\t\t\t<div class=\"elementor-gallery-item__overlay\"><\/div>\n\t\t\t\t\t\t\t\t\t\t\t\t\t\t<\/a>\n\t\t\t\t\t\t\t<a class=\"e-gallery-item elementor-gallery-item elementor-animated-content\" href=\"https:\/\/www.groove-corporation.de\/wp-content\/uploads\/2024\/01\/groove-corporation-studios-eingang.jpg\" data-elementor-open-lightbox=\"yes\" data-elementor-lightbox-slideshow=\"a651c68\" data-elementor-lightbox-title=\"groove-corporation-studios-eingang\" data-e-action-hash=\"#elementor-action%3Aaction%3Dlightbox%26settings%3DeyJpZCI6MzY0NiwidXJsIjoiaHR0cHM6XC9cL3d3dy5ncm9vdmUtY29ycG9yYXRpb24uZGVcL3dwLWNvbnRlbnRcL3VwbG9hZHNcLzIwMjRcLzAxXC9ncm9vdmUtY29ycG9yYXRpb24tc3R1ZGlvcy1laW5nYW5nLmpwZyIsInNsaWRlc2hvdyI6ImE2NTFjNjgifQ%3D%3D\">\n\t\t\t\t\t<div class=\"e-gallery-image elementor-gallery-item__image\" data-thumbnail=\"https:\/\/www.groove-corporation.de\/wp-content\/uploads\/2024\/01\/groove-corporation-studios-eingang.jpg\" data-width=\"768\" data-height=\"1024\" aria-label=\"\" role=\"img\" ><\/div>\n\t\t\t\t\t\t\t\t\t\t\t<div class=\"elementor-gallery-item__overlay\"><\/div>\n\t\t\t\t\t\t\t\t\t\t\t\t\t\t<\/a>\n\t\t\t\t\t\t\t<a class=\"e-gallery-item elementor-gallery-item elementor-animated-content\" href=\"https:\/\/www.groove-corporation.de\/wp-content\/uploads\/2024\/01\/groove-corporation-studios-eingangsbereich.jpg\" data-elementor-open-lightbox=\"yes\" data-elementor-lightbox-slideshow=\"a651c68\" data-elementor-lightbox-title=\"groove-corporation-studios-eingangsbereich\" data-e-action-hash=\"#elementor-action%3Aaction%3Dlightbox%26settings%3DeyJpZCI6MzY0OSwidXJsIjoiaHR0cHM6XC9cL3d3dy5ncm9vdmUtY29ycG9yYXRpb24uZGVcL3dwLWNvbnRlbnRcL3VwbG9hZHNcLzIwMjRcLzAxXC9ncm9vdmUtY29ycG9yYXRpb24tc3R1ZGlvcy1laW5nYW5nc2JlcmVpY2guanBnIiwic2xpZGVzaG93IjoiYTY1MWM2OCJ9\">\n\t\t\t\t\t<div class=\"e-gallery-image elementor-gallery-item__image\" data-thumbnail=\"https:\/\/www.groove-corporation.de\/wp-content\/uploads\/2024\/01\/groove-corporation-studios-eingangsbereich.jpg\" data-width=\"768\" data-height=\"1024\" aria-label=\"\" role=\"img\" ><\/div>\n\t\t\t\t\t\t\t\t\t\t\t<div class=\"elementor-gallery-item__overlay\"><\/div>\n\t\t\t\t\t\t\t\t\t\t\t\t\t\t<\/a>\n\t\t\t\t\t\t\t<a class=\"e-gallery-item elementor-gallery-item elementor-animated-content\" href=\"https:\/\/www.groove-corporation.de\/wp-content\/uploads\/2024\/01\/groove-corporation-studios-eingangsbereich-mit-instrumenten.jpg\" data-elementor-open-lightbox=\"yes\" data-elementor-lightbox-slideshow=\"a651c68\" data-elementor-lightbox-title=\"groove-corporation-studios-eingangsbereich-mit-instrumenten\" data-e-action-hash=\"#elementor-action%3Aaction%3Dlightbox%26settings%3DeyJpZCI6MzY1MiwidXJsIjoiaHR0cHM6XC9cL3d3dy5ncm9vdmUtY29ycG9yYXRpb24uZGVcL3dwLWNvbnRlbnRcL3VwbG9hZHNcLzIwMjRcLzAxXC9ncm9vdmUtY29ycG9yYXRpb24tc3R1ZGlvcy1laW5nYW5nc2JlcmVpY2gtbWl0LWluc3RydW1lbnRlbi5qcGciLCJzbGlkZXNob3ciOiJhNjUxYzY4In0%3D\">\n\t\t\t\t\t<div class=\"e-gallery-image elementor-gallery-item__image\" data-thumbnail=\"https:\/\/www.groove-corporation.de\/wp-content\/uploads\/2024\/01\/groove-corporation-studios-eingangsbereich-mit-instrumenten.jpg\" data-width=\"768\" data-height=\"1024\" aria-label=\"\" role=\"img\" ><\/div>\n\t\t\t\t\t\t\t\t\t\t\t<div class=\"elementor-gallery-item__overlay\"><\/div>\n\t\t\t\t\t\t\t\t\t\t\t\t\t\t<\/a>\n\t\t\t\t\t\t\t<a class=\"e-gallery-item elementor-gallery-item elementor-animated-content\" href=\"https:\/\/www.groove-corporation.de\/wp-content\/uploads\/2024\/01\/podcast-6.jpg\" data-elementor-open-lightbox=\"yes\" data-elementor-lightbox-slideshow=\"a651c68\" data-elementor-lightbox-title=\"podcast-6\" data-e-action-hash=\"#elementor-action%3Aaction%3Dlightbox%26settings%3DeyJpZCI6Mzk0MiwidXJsIjoiaHR0cHM6XC9cL3d3dy5ncm9vdmUtY29ycG9yYXRpb24uZGVcL3dwLWNvbnRlbnRcL3VwbG9hZHNcLzIwMjRcLzAxXC9wb2RjYXN0LTYuanBnIiwic2xpZGVzaG93IjoiYTY1MWM2OCJ9\">\n\t\t\t\t\t<div class=\"e-gallery-image elementor-gallery-item__image\" data-thumbnail=\"https:\/\/www.groove-corporation.de\/wp-content\/uploads\/2024\/01\/podcast-6-1440x1080.jpg\" data-width=\"800\" data-height=\"600\" aria-label=\"\" role=\"img\" ><\/div>\n\t\t\t\t\t\t\t\t\t\t\t<div class=\"elementor-gallery-item__overlay\"><\/div>\n\t\t\t\t\t\t\t\t\t\t\t\t\t\t<\/a>\n\t\t\t\t\t\t\t<a class=\"e-gallery-item elementor-gallery-item elementor-animated-content\" href=\"https:\/\/www.groove-corporation.de\/wp-content\/uploads\/2024\/01\/podcast-5.jpg\" data-elementor-open-lightbox=\"yes\" data-elementor-lightbox-slideshow=\"a651c68\" data-elementor-lightbox-title=\"podcast-5\" data-e-action-hash=\"#elementor-action%3Aaction%3Dlightbox%26settings%3DeyJpZCI6MzkyNCwidXJsIjoiaHR0cHM6XC9cL3d3dy5ncm9vdmUtY29ycG9yYXRpb24uZGVcL3dwLWNvbnRlbnRcL3VwbG9hZHNcLzIwMjRcLzAxXC9wb2RjYXN0LTUuanBnIiwic2xpZGVzaG93IjoiYTY1MWM2OCJ9\">\n\t\t\t\t\t<div class=\"e-gallery-image elementor-gallery-item__image\" data-thumbnail=\"https:\/\/www.groove-corporation.de\/wp-content\/uploads\/2024\/01\/podcast-5-1440x1080.jpg\" data-width=\"800\" data-height=\"600\" aria-label=\"\"0 role=\"img\" ><\/div>\n\t\t\t\t\t\t\t\t\t\t\t<div class=\"elementor-gallery-item__overlay\"><\/div>\n\t\t\t\t\t\t\t\t\t\t\t\t\t\t<\/a>\n\t\t\t\t\t\t\t<a class=\"e-gallery-item elementor-gallery-item elementor-animated-content\" href=\"https:\/\/www.groove-corporation.de\/wp-content\/uploads\/2024\/01\/podcast-2.jpg\" data-elementor-open-lightbox=\"yes\" data-elementor-lightbox-slideshow=\"a651c68\" data-elementor-lightbox-title=\"podcast-2\" data-e-action-hash=\"#elementor-action%3Aaction%3Dlightbox%26settings%3DeyJpZCI6MzkxNSwidXJsIjoiaHR0cHM6XC9cL3d3dy5ncm9vdmUtY29ycG9yYXRpb24uZGVcL3dwLWNvbnRlbnRcL3VwbG9hZHNcLzIwMjRcLzAxXC9wb2RjYXN0LTIuanBnIiwic2xpZGVzaG93IjoiYTY1MWM2OCJ9\">\n\t\t\t\t\t<div class=\"e-gallery-image elementor-gallery-item__image\" data-thumbnail=\"https:\/\/www.groove-corporation.de\/wp-content\/uploads\/2024\/01\/podcast-2-1440x1080.jpg\" data-width=\"800\" data-height=\"600\" aria-label=\"\"1 role=\"img\" ><\/div>\n\t\t\t\t\t\t\t\t\t\t\t<div class=\"elementor-gallery-item__overlay\"><\/div>\n\t\t\t\t\t\t\t\t\t\t\t\t\t\t<\/a>\n\t\t\t\t\t\t\t<a class=\"e-gallery-item elementor-gallery-item elementor-animated-content\" href=\"https:\/\/www.groove-corporation.de\/wp-content\/uploads\/2024\/01\/posdcast-3.jpg\" data-elementor-open-lightbox=\"yes\" data-elementor-lightbox-slideshow=\"a651c68\" data-elementor-lightbox-title=\"posdcast-3\" data-e-action-hash=\"#elementor-action%3Aaction%3Dlightbox%26settings%3DeyJpZCI6MzkxOCwidXJsIjoiaHR0cHM6XC9cL3d3dy5ncm9vdmUtY29ycG9yYXRpb24uZGVcL3dwLWNvbnRlbnRcL3VwbG9hZHNcLzIwMjRcLzAxXC9wb3NkY2FzdC0zLmpwZyIsInNsaWRlc2hvdyI6ImE2NTFjNjgifQ%3D%3D\">\n\t\t\t\t\t<div class=\"e-gallery-image elementor-gallery-item__image\" data-thumbnail=\"https:\/\/www.groove-corporation.de\/wp-content\/uploads\/2024\/01\/posdcast-3-1440x1080.jpg\" data-width=\"800\" data-height=\"600\" aria-label=\"\"2 role=\"img\" ><\/div>\n\t\t\t\t\t\t\t\t\t\t\t<div class=\"elementor-gallery-item__overlay\"><\/div>\n\t\t\t\t\t\t\t\t\t\t\t\t\t\t<\/a>\n\t\t\t\t\t\t\t<a class=\"e-gallery-item elementor-gallery-item elementor-animated-content\" href=\"https:\/\/www.groove-corporation.de\/wp-content\/uploads\/2024\/01\/podcast-4.jpg\" data-elementor-open-lightbox=\"yes\" data-elementor-lightbox-slideshow=\"a651c68\" data-elementor-lightbox-title=\"podcast-4\" data-e-action-hash=\"#elementor-action%3Aaction%3Dlightbox%26settings%3DeyJpZCI6MzkyMSwidXJsIjoiaHR0cHM6XC9cL3d3dy5ncm9vdmUtY29ycG9yYXRpb24uZGVcL3dwLWNvbnRlbnRcL3VwbG9hZHNcLzIwMjRcLzAxXC9wb2RjYXN0LTQuanBnIiwic2xpZGVzaG93IjoiYTY1MWM2OCJ9\">\n\t\t\t\t\t<div class=\"e-gallery-image elementor-gallery-item__image\" data-thumbnail=\"https:\/\/www.groove-corporation.de\/wp-content\/uploads\/2024\/01\/podcast-4-1440x1080.jpg\" data-width=\"800\" data-height=\"600\" aria-label=\"\"3 role=\"img\" ><\/div>\n\t\t\t\t\t\t\t\t\t\t\t<div class=\"elementor-gallery-item__overlay\"><\/div>\n\t\t\t\t\t\t\t\t\t\t\t\t\t\t<\/a>\n\t\t\t\t\t\t\t<a class=\"e-gallery-item elementor-gallery-item elementor-animated-content\" href=\"https:\/\/www.groove-corporation.de\/wp-content\/uploads\/2024\/01\/podcast-1.jpg\" data-elementor-open-lightbox=\"yes\" data-elementor-lightbox-slideshow=\"a651c68\" data-elementor-lightbox-title=\"podcast-1\" data-e-action-hash=\"#elementor-action%3Aaction%3Dlightbox%26settings%3DeyJpZCI6MzkyNywidXJsIjoiaHR0cHM6XC9cL3d3dy5ncm9vdmUtY29ycG9yYXRpb24uZGVcL3dwLWNvbnRlbnRcL3VwbG9hZHNcLzIwMjRcLzAxXC9wb2RjYXN0LTEuanBnIiwic2xpZGVzaG93IjoiYTY1MWM2OCJ9\">\n\t\t\t\t\t<div class=\"e-gallery-image elementor-gallery-item__image\" data-thumbnail=\"https:\/\/www.groove-corporation.de\/wp-content\/uploads\/2024\/01\/podcast-1-1440x1080.jpg\" data-width=\"800\" data-height=\"600\" aria-label=\"\"4 role=\"img\" ><\/div>\n\t\t\t\t\t\t\t\t\t\t\t<div class=\"elementor-gallery-item__overlay\"><\/div>\n\t\t\t\t\t\t\t\t\t\t\t\t\t\t<\/a>\n\t\t\t\t\t<\/div>\n\t\t\t\t\t<\/div>\n\t\t\t\t<\/div>\n\t\t\t\t\t<\/div>\n\t\t<\/div>\n\t\t\t\t\t<\/div>\n\t\t<\/section>\n\t\t\t\t<\/div>\n\t\t","protected":false},"excerpt":{"rendered":"","protected":false},"author":1,"featured_media":0,"parent":0,"menu_order":1,"comment_status":"closed","ping_status":"closed","template":"","meta":{"footnotes":""},"class_list":["post-7","page","type-page","status-publish","hentry"],"yoast_head":"<!-- This site is optimized with the Yoast SEO plugin v27.2 - https:\/\/yoast.com\/product\/yoast-seo-wordpress\/ -->\n<title>Willkommen bei Groove Corporation Studios | Privates Tonstudio auf Mallorca f\u00fcr exklusive Projekte<\/title>\n<meta name=\"description\" content=\"Privates Tonstudio auf Mallorca - nur f\u00fcr ausgew\u00e4hlte Projekte.\" \/>\n<meta name=\"robots\" content=\"index, follow, max-snippet:-1, max-image-preview:large, max-video-preview:-1\" \/>\n<link rel=\"canonical\" href=\"https:\/\/www.groove-corporation.de\/de\/\" \/>\n<meta property=\"og:locale\" content=\"de_DE\" \/>\n<meta property=\"og:type\" content=\"article\" \/>\n<meta property=\"og:title\" content=\"Willkommen bei Groove Corporation Studios | Privates Tonstudio auf Mallorca f\u00fcr exklusive Projekte\" \/>\n<meta property=\"og:description\" content=\"Privates Tonstudio auf Mallorca - nur f\u00fcr ausgew\u00e4hlte Projekte.\" \/>\n<meta property=\"og:url\" content=\"https:\/\/www.groove-corporation.de\/de\/\" \/>\n<meta property=\"og:site_name\" content=\"Groove Corporation\" \/>\n<meta property=\"article:modified_time\" content=\"2025-12-29T16:38:19+00:00\" \/>\n<meta name=\"twitter:card\" content=\"summary_large_image\" \/>\n<script type=\"application\/ld+json\" class=\"yoast-schema-graph\">{\"@context\":\"https:\/\/schema.org\",\"@graph\":[{\"@type\":\"WebPage\",\"@id\":\"https:\/\/www.groove-corporation.de\/de\/\",\"url\":\"https:\/\/www.groove-corporation.de\/de\/\",\"name\":\"Willkommen bei Groove Corporation Studios | Privates Tonstudio auf Mallorca f\u00fcr exklusive Projekte\",\"isPartOf\":{\"@id\":\"https:\/\/www.groove-corporation.de\/de\/#website\"},\"datePublished\":\"2020-11-27T18:42:55+00:00\",\"dateModified\":\"2025-12-29T16:38:19+00:00\",\"description\":\"Privates Tonstudio auf Mallorca - nur f\u00fcr ausgew\u00e4hlte Projekte.\",\"breadcrumb\":{\"@id\":\"https:\/\/www.groove-corporation.de\/de\/#breadcrumb\"},\"inLanguage\":\"de\",\"potentialAction\":[{\"@type\":\"ReadAction\",\"target\":[\"https:\/\/www.groove-corporation.de\/de\/\"]}]},{\"@type\":\"BreadcrumbList\",\"@id\":\"https:\/\/www.groove-corporation.de\/de\/#breadcrumb\",\"itemListElement\":[{\"@type\":\"ListItem\",\"position\":1,\"name\":\"Startseite\",\"item\":\"https:\/\/www.groove-corporation.de\/de\/\"},{\"@type\":\"ListItem\",\"position\":2,\"name\":\"Willkommen bei Groove Corporation Studios\"}]},{\"@type\":\"WebSite\",\"@id\":\"https:\/\/www.groove-corporation.de\/de\/#website\",\"url\":\"https:\/\/www.groove-corporation.de\/de\/\",\"name\":\"Groove Corporation\",\"description\":\"\",\"publisher\":{\"@id\":\"https:\/\/www.groove-corporation.de\/de\/#organization\"},\"potentialAction\":[{\"@type\":\"SearchAction\",\"target\":{\"@type\":\"EntryPoint\",\"urlTemplate\":\"https:\/\/www.groove-corporation.de\/de\/?s={search_term_string}\"},\"query-input\":{\"@type\":\"PropertyValueSpecification\",\"valueRequired\":true,\"valueName\":\"search_term_string\"}}],\"inLanguage\":\"de\"},{\"@type\":\"Organization\",\"@id\":\"https:\/\/www.groove-corporation.de\/de\/#organization\",\"name\":\"Groove Corportion\",\"url\":\"https:\/\/www.groove-corporation.de\/de\/\",\"logo\":{\"@type\":\"ImageObject\",\"inLanguage\":\"de\",\"@id\":\"https:\/\/www.groove-corporation.de\/de\/#\/schema\/logo\/image\/\",\"url\":\"https:\/\/www.groove-corporation.de\/wp-content\/uploads\/2020\/12\/Groove-Corporation-Logo.png\",\"contentUrl\":\"https:\/\/www.groove-corporation.de\/wp-content\/uploads\/2020\/12\/Groove-Corporation-Logo.png\",\"width\":1432,\"height\":600,\"caption\":\"Groove Corportion\"},\"image\":{\"@id\":\"https:\/\/www.groove-corporation.de\/de\/#\/schema\/logo\/image\/\"}}]}<\/script>\n<!-- \/ Yoast SEO plugin. -->","yoast_head_json":{"title":"Willkommen bei Groove Corporation Studios | Privates Tonstudio auf Mallorca f\u00fcr exklusive Projekte","description":"Privates Tonstudio auf Mallorca - nur f\u00fcr ausgew\u00e4hlte Projekte.","robots":{"index":"index","follow":"follow","max-snippet":"max-snippet:-1","max-image-preview":"max-image-preview:large","max-video-preview":"max-video-preview:-1"},"canonical":"https:\/\/www.groove-corporation.de\/de\/","og_locale":"de_DE","og_type":"article","og_title":"Willkommen bei Groove Corporation Studios | Privates Tonstudio auf Mallorca f\u00fcr exklusive Projekte","og_description":"Privates Tonstudio auf Mallorca - nur f\u00fcr ausgew\u00e4hlte Projekte.","og_url":"https:\/\/www.groove-corporation.de\/de\/","og_site_name":"Groove Corporation","article_modified_time":"2025-12-29T16:38:19+00:00","twitter_card":"summary_large_image","schema":{"@context":"https:\/\/schema.org","@graph":[{"@type":"WebPage","@id":"https:\/\/www.groove-corporation.de\/de\/","url":"https:\/\/www.groove-corporation.de\/de\/","name":"Willkommen bei Groove Corporation Studios | Privates Tonstudio auf Mallorca f\u00fcr exklusive Projekte","isPartOf":{"@id":"https:\/\/www.groove-corporation.de\/de\/#website"},"datePublished":"2020-11-27T18:42:55+00:00","dateModified":"2025-12-29T16:38:19+00:00","description":"Privates Tonstudio auf Mallorca - nur f\u00fcr ausgew\u00e4hlte Projekte.","breadcrumb":{"@id":"https:\/\/www.groove-corporation.de\/de\/#breadcrumb"},"inLanguage":"de","potentialAction":[{"@type":"ReadAction","target":["https:\/\/www.groove-corporation.de\/de\/"]}]},{"@type":"BreadcrumbList","@id":"https:\/\/www.groove-corporation.de\/de\/#breadcrumb","itemListElement":[{"@type":"ListItem","position":1,"name":"Startseite","item":"https:\/\/www.groove-corporation.de\/de\/"},{"@type":"ListItem","position":2,"name":"Willkommen bei Groove Corporation Studios"}]},{"@type":"WebSite","@id":"https:\/\/www.groove-corporation.de\/de\/#website","url":"https:\/\/www.groove-corporation.de\/de\/","name":"Groove Corporation","description":"","publisher":{"@id":"https:\/\/www.groove-corporation.de\/de\/#organization"},"potentialAction":[{"@type":"SearchAction","target":{"@type":"EntryPoint","urlTemplate":"https:\/\/www.groove-corporation.de\/de\/?s={search_term_string}"},"query-input":{"@type":"PropertyValueSpecification","valueRequired":true,"valueName":"search_term_string"}}],"inLanguage":"de"},{"@type":"Organization","@id":"https:\/\/www.groove-corporation.de\/de\/#organization","name":"Groove Corportion","url":"https:\/\/www.groove-corporation.de\/de\/","logo":{"@type":"ImageObject","inLanguage":"de","@id":"https:\/\/www.groove-corporation.de\/de\/#\/schema\/logo\/image\/","url":"https:\/\/www.groove-corporation.de\/wp-content\/uploads\/2020\/12\/Groove-Corporation-Logo.png","contentUrl":"https:\/\/www.groove-corporation.de\/wp-content\/uploads\/2020\/12\/Groove-Corporation-Logo.png","width":1432,"height":600,"caption":"Groove Corportion"},"image":{"@id":"https:\/\/www.groove-corporation.de\/de\/#\/schema\/logo\/image\/"}}]}},"_links":{"self":[{"href":"https:\/\/www.groove-corporation.de\/de\/wp-json\/wp\/v2\/pages\/7","targetHints":{"allow":["GET"]}}],"collection":[{"href":"https:\/\/www.groove-corporation.de\/de\/wp-json\/wp\/v2\/pages"}],"about":[{"href":"https:\/\/www.groove-corporation.de\/de\/wp-json\/wp\/v2\/types\/page"}],"author":[{"embeddable":true,"href":"https:\/\/www.groove-corporation.de\/de\/wp-json\/wp\/v2\/users\/1"}],"replies":[{"embeddable":true,"href":"https:\/\/www.groove-corporation.de\/de\/wp-json\/wp\/v2\/comments?post=7"}],"version-history":[{"count":178,"href":"https:\/\/www.groove-corporation.de\/de\/wp-json\/wp\/v2\/pages\/7\/revisions"}],"predecessor-version":[{"id":4548,"href":"https:\/\/www.groove-corporation.de\/de\/wp-json\/wp\/v2\/pages\/7\/revisions\/4548"}],"wp:attachment":[{"href":"https:\/\/www.groove-corporation.de\/de\/wp-json\/wp\/v2\/media?parent=7"}],"curies":[{"name":"wp","href":"https:\/\/api.w.org\/{rel}","templated":true}]}}